{"id":11,"date":"2024-06-15T13:23:54","date_gmt":"2024-06-15T13:23:54","guid":{"rendered":"http:\/\/bavultour.com\/index.php\/cart\/"},"modified":"2024-07-05T20:40:36","modified_gmt":"2024-07-05T20:40:36","slug":"cart","status":"publish","type":"page","link":"https:\/\/bavultur.com\/en\/cart\/","title":{"rendered":"Cart"},"content":{"rendered":"\n<div class=\"wp-block-woocommerce-cart alignwide is-loading\">\n<div class=\"wp-block-woocommerce-filled-cart-block\">\n<div class=\"wp-block-woocommerce-cart-items-block\">\n<div class=\"wp-block-woocommerce-cart-line-items-block\"><\/div>\n\n\n\n<div class=\"wp-block-woocommerce-cart-cross-sells-block\">\n<h2 class=\"wp-block-heading has-large-font-size\">You may be interested in\u2026<\/h2>\n\n\n\n<div class=\"wp-block-woocommerce-cart-cross-sells-products-block\"><\/div>\n<\/div>\n<\/div>\n\n\n\n<div class=\"wp-block-woocommerce-cart-totals-block\">\n<div class=\"wp-block-woocommerce-cart-order-summary-block\">\n<div class=\"wp-block-woocommerce-cart-order-summary-heading-block\"><\/div>\n\n\n\n<div class=\"wp-block-woocommerce-cart-order-summary-coupon-form-block\"><\/div>\n\n\n\n<div class=\"wp-block-woocommerce-cart-order-summary-subtotal-block\"><\/div>\n\n\n\n<div class=\"wp-block-woocommerce-cart-order-summary-fee-block\"><\/div>\n\n\n\n<div class=\"wp-block-woocommerce-cart-order-summary-discount-block\"><\/div>\n\n\n\n<div class=\"wp-block-woocommerce-cart-order-summary-shipping-block\"><\/div>\n\n\n\n<div class=\"wp-block-woocommerce-cart-order-summary-taxes-block\"><\/div>\n<\/div>\n\n\n\n<div class=\"wp-block-woocommerce-cart-express-payment-block\"><\/div>\n\n\n\n<div class=\"wp-block-woocommerce-proceed-to-checkout-block\"><\/div>\n\n\n\n<div class=\"wp-block-woocommerce-cart-accepted-payment-methods-block\"><\/div>\n<\/div>\n<\/div>\n\n\n\n<div class=\"wp-block-woocommerce-empty-cart-block\">\n<h2 class=\"wp-block-heading has-text-align-center with-empty-cart-icon wc-block-cart__empty-cart__title\">Your cart is currently empty!<\/h2>\n\n\n\n<hr class=\"wp-block-separator has-alpha-channel-opacity is-style-dots\"\/>\n\n\n\n<h2 class=\"wp-block-heading has-text-align-center\">New in store<\/h2>\n\n\n<\/div>\n<\/div>\n","protected":false},"excerpt":{"rendered":"You may be interested in\u2026 Your cart is currently empty! New in store","protected":false},"author":1,"featured_media":14560,"parent":0,"menu_order":0,"comment_status":"closed","ping_status":"closed","template":"template-checkout.php","meta":{"footnotes":""},"class_list":["post-11","page","type-page","status-publish","has-post-thumbnail","hentry"],"yoast_head":"<!-- This site is optimized with the Yoast SEO plugin v24.6 - https:\/\/yoast.com\/wordpress\/plugins\/seo\/ -->\n<title>Cart - Bavultur<\/title>\n<meta name=\"description\" content=\"Cart\" \/>\n<meta name=\"robots\" content=\"index, follow, max-snippet:-1, max-image-preview:large, max-video-preview:-1\" \/>\n<link rel=\"canonical\" href=\"https:\/\/bavultur.com\/en\/cart\/\" \/>\n<meta property=\"og:locale\" content=\"en_GB\" \/>\n<meta property=\"og:type\" content=\"article\" \/>\n<meta property=\"og:title\" content=\"Cart - Bavultur\" \/>\n<meta property=\"og:description\" content=\"Cart\" \/>\n<meta property=\"og:url\" content=\"https:\/\/bavultur.com\/en\/cart\/\" \/>\n<meta property=\"og:site_name\" content=\"Bavultur\" \/>\n<meta property=\"article:modified_time\" content=\"2024-07-05T20:40:36+00:00\" \/>\n<meta property=\"og:image\" content=\"https:\/\/bavultur.com\/wp-content\/uploads\/2024\/06\/1920.jpg\" \/>\n\t<meta property=\"og:image:width\" content=\"1920\" \/>\n\t<meta property=\"og:image:height\" content=\"400\" \/>\n\t<meta property=\"og:image:type\" content=\"image\/jpeg\" \/>\n<meta name=\"twitter:card\" content=\"summary_large_image\" \/>\n<meta name=\"twitter:label1\" content=\"Estimated reading time\" \/>\n\t<meta name=\"twitter:data1\" content=\"1 minute\" \/>\n<script type=\"application\/ld+json\" class=\"yoast-schema-graph\">{\"@context\":\"https:\/\/schema.org\",\"@graph\":[{\"@type\":\"WebPage\",\"@id\":\"https:\/\/bavultur.com\/en\/cart\/\",\"url\":\"https:\/\/bavultur.com\/en\/cart\/\",\"name\":\"Cart - Bavultur\",\"isPartOf\":{\"@id\":\"https:\/\/bavultur.com\/en\/#website\"},\"primaryImageOfPage\":{\"@id\":\"https:\/\/bavultur.com\/en\/cart\/#primaryimage\"},\"image\":{\"@id\":\"https:\/\/bavultur.com\/en\/cart\/#primaryimage\"},\"thumbnailUrl\":\"https:\/\/bavultur.com\/wp-content\/uploads\/2024\/06\/1920.jpg\",\"datePublished\":\"2024-06-15T13:23:54+00:00\",\"dateModified\":\"2024-07-05T20:40:36+00:00\",\"description\":\"Cart\",\"breadcrumb\":{\"@id\":\"https:\/\/bavultur.com\/en\/cart\/#breadcrumb\"},\"inLanguage\":\"en-GB\",\"potentialAction\":[{\"@type\":\"ReadAction\",\"target\":[\"https:\/\/bavultur.com\/en\/cart\/\"]}]},{\"@type\":\"ImageObject\",\"inLanguage\":\"en-GB\",\"@id\":\"https:\/\/bavultur.com\/en\/cart\/#primaryimage\",\"url\":\"https:\/\/bavultur.com\/wp-content\/uploads\/2024\/06\/1920.jpg\",\"contentUrl\":\"https:\/\/bavultur.com\/wp-content\/uploads\/2024\/06\/1920.jpg\",\"width\":1920,\"height\":400,\"caption\":\"bavultour image\"},{\"@type\":\"BreadcrumbList\",\"@id\":\"https:\/\/bavultur.com\/en\/cart\/#breadcrumb\",\"itemListElement\":[{\"@type\":\"ListItem\",\"position\":1,\"name\":\"Home\",\"item\":\"https:\/\/bavultur.com\/en\/\"},{\"@type\":\"ListItem\",\"position\":2,\"name\":\"Cart\"}]},{\"@type\":\"WebSite\",\"@id\":\"https:\/\/bavultur.com\/en\/#website\",\"url\":\"https:\/\/bavultur.com\/en\/\",\"name\":\"Bavultour\",\"description\":\"&quot;VAL\u0130Z\u0130N\u0130ZDE ARADI\u011eINIZ E\u011eLENCE&quot;\",\"publisher\":{\"@id\":\"https:\/\/bavultur.com\/en\/#organization\"},\"potentialAction\":[{\"@type\":\"SearchAction\",\"target\":{\"@type\":\"EntryPoint\",\"urlTemplate\":\"https:\/\/bavultur.com\/en\/?s={search_term_string}\"},\"query-input\":{\"@type\":\"PropertyValueSpecification\",\"valueRequired\":true,\"valueName\":\"search_term_string\"}}],\"inLanguage\":\"en-GB\"},{\"@type\":\"Organization\",\"@id\":\"https:\/\/bavultur.com\/en\/#organization\",\"name\":\"Bavultour\",\"url\":\"https:\/\/bavultur.com\/en\/\",\"logo\":{\"@type\":\"ImageObject\",\"inLanguage\":\"en-GB\",\"@id\":\"https:\/\/bavultur.com\/en\/#\/schema\/logo\/image\/\",\"url\":\"http:\/\/bavultour.com\/wp-content\/uploads\/2024\/06\/logo-en-01.svg\",\"contentUrl\":\"http:\/\/bavultour.com\/wp-content\/uploads\/2024\/06\/logo-en-01.svg\",\"width\":1200,\"height\":233,\"caption\":\"Bavultour\"},\"image\":{\"@id\":\"https:\/\/bavultur.com\/en\/#\/schema\/logo\/image\/\"}}]}<\/script>\n<!-- \/ Yoast SEO plugin. -->","yoast_head_json":{"title":"Cart - Bavultur","description":"Cart","robots":{"index":"index","follow":"follow","max-snippet":"max-snippet:-1","max-image-preview":"max-image-preview:large","max-video-preview":"max-video-preview:-1"},"canonical":"https:\/\/bavultur.com\/en\/cart\/","og_locale":"en_GB","og_type":"article","og_title":"Cart - Bavultur","og_description":"Cart","og_url":"https:\/\/bavultur.com\/en\/cart\/","og_site_name":"Bavultur","article_modified_time":"2024-07-05T20:40:36+00:00","og_image":[{"width":1920,"height":400,"url":"https:\/\/bavultur.com\/wp-content\/uploads\/2024\/06\/1920.jpg","type":"image\/jpeg"}],"twitter_card":"summary_large_image","twitter_misc":{"Estimated reading time":"1 minute"},"schema":{"@context":"https:\/\/schema.org","@graph":[{"@type":"WebPage","@id":"https:\/\/bavultur.com\/en\/cart\/","url":"https:\/\/bavultur.com\/en\/cart\/","name":"Cart - Bavultur","isPartOf":{"@id":"https:\/\/bavultur.com\/en\/#website"},"primaryImageOfPage":{"@id":"https:\/\/bavultur.com\/en\/cart\/#primaryimage"},"image":{"@id":"https:\/\/bavultur.com\/en\/cart\/#primaryimage"},"thumbnailUrl":"https:\/\/bavultur.com\/wp-content\/uploads\/2024\/06\/1920.jpg","datePublished":"2024-06-15T13:23:54+00:00","dateModified":"2024-07-05T20:40:36+00:00","description":"Cart","breadcrumb":{"@id":"https:\/\/bavultur.com\/en\/cart\/#breadcrumb"},"inLanguage":"en-GB","potentialAction":[{"@type":"ReadAction","target":["https:\/\/bavultur.com\/en\/cart\/"]}]},{"@type":"ImageObject","inLanguage":"en-GB","@id":"https:\/\/bavultur.com\/en\/cart\/#primaryimage","url":"https:\/\/bavultur.com\/wp-content\/uploads\/2024\/06\/1920.jpg","contentUrl":"https:\/\/bavultur.com\/wp-content\/uploads\/2024\/06\/1920.jpg","width":1920,"height":400,"caption":"bavultour image"},{"@type":"BreadcrumbList","@id":"https:\/\/bavultur.com\/en\/cart\/#breadcrumb","itemListElement":[{"@type":"ListItem","position":1,"name":"Home","item":"https:\/\/bavultur.com\/en\/"},{"@type":"ListItem","position":2,"name":"Cart"}]},{"@type":"WebSite","@id":"https:\/\/bavultur.com\/en\/#website","url":"https:\/\/bavultur.com\/en\/","name":"Bavultour","description":"&quot;VAL\u0130Z\u0130N\u0130ZDE ARADI\u011eINIZ E\u011eLENCE&quot;","publisher":{"@id":"https:\/\/bavultur.com\/en\/#organization"},"potentialAction":[{"@type":"SearchAction","target":{"@type":"EntryPoint","urlTemplate":"https:\/\/bavultur.com\/en\/?s={search_term_string}"},"query-input":{"@type":"PropertyValueSpecification","valueRequired":true,"valueName":"search_term_string"}}],"inLanguage":"en-GB"},{"@type":"Organization","@id":"https:\/\/bavultur.com\/en\/#organization","name":"Bavultour","url":"https:\/\/bavultur.com\/en\/","logo":{"@type":"ImageObject","inLanguage":"en-GB","@id":"https:\/\/bavultur.com\/en\/#\/schema\/logo\/image\/","url":"http:\/\/bavultour.com\/wp-content\/uploads\/2024\/06\/logo-en-01.svg","contentUrl":"http:\/\/bavultour.com\/wp-content\/uploads\/2024\/06\/logo-en-01.svg","width":1200,"height":233,"caption":"Bavultour"},"image":{"@id":"https:\/\/bavultur.com\/en\/#\/schema\/logo\/image\/"}}]}},"_links":{"self":[{"href":"https:\/\/bavultur.com\/en\/wp-json\/wp\/v2\/pages\/11","targetHints":{"allow":["GET"]}}],"collection":[{"href":"https:\/\/bavultur.com\/en\/wp-json\/wp\/v2\/pages"}],"about":[{"href":"https:\/\/bavultur.com\/en\/wp-json\/wp\/v2\/types\/page"}],"author":[{"embeddable":true,"href":"https:\/\/bavultur.com\/en\/wp-json\/wp\/v2\/users\/1"}],"replies":[{"embeddable":true,"href":"https:\/\/bavultur.com\/en\/wp-json\/wp\/v2\/comments?post=11"}],"version-history":[{"count":2,"href":"https:\/\/bavultur.com\/en\/wp-json\/wp\/v2\/pages\/11\/revisions"}],"predecessor-version":[{"id":16368,"href":"https:\/\/bavultur.com\/en\/wp-json\/wp\/v2\/pages\/11\/revisions\/16368"}],"wp:featuredmedia":[{"embeddable":true,"href":"https:\/\/bavultur.com\/en\/wp-json\/wp\/v2\/media\/14560"}],"wp:attachment":[{"href":"https:\/\/bavultur.com\/en\/wp-json\/wp\/v2\/media?parent=11"}],"curies":[{"name":"wp","href":"https:\/\/api.w.org\/{rel}","templated":true}]}}